{"id":636,"date":"2022-03-17T16:27:03","date_gmt":"2022-03-17T16:27:03","guid":{"rendered":"https:\/\/demo.creativethemes.com\/stagingsix\/?page_id=636"},"modified":"2023-11-29T10:09:49","modified_gmt":"2023-11-29T10:09:49","slug":"about","status":"publish","type":"page","link":"https:\/\/yugglr.com\/?page_id=636","title":{"rendered":"Om oss"},"content":{"rendered":"\n<div class=\"wp-block-stackable-columns alignwide stk-block-columns stk-block stk-f5554c3 stk-block-background stk--has-background-overlay\" data-block-id=\"f5554c3\"><style>.stk-f5554c3{background-color:#3c2204 !important;background-image:url(https:\/\/yugglr.com\/wp-content\/uploads\/2023\/11\/Om_Oss_BKG-3jpg.jpg) !important;background-position:center center !important;background-repeat:no-repeat !important;background-size:cover !important;background-blend-mode:lighten !important;border-radius:25px !important;overflow:hidden !important;padding-top:180px !important;padding-right:80px !important;padding-bottom:75px !important;padding-left:80px !important;margin-bottom:0px !important}.stk-f5554c3:before{background-color:#3c2204 !important;opacity:0.4 !important}@media screen and (max-width:767px){.stk-f5554c3{padding-top:100px !important;padding-right:25px !important;padding-left:25px !important}}<\/style><div class=\"stk-row stk-inner-blocks has-text-align-center-mobile stk-block-content stk-content-align stk-f5554c3-column alignwide\">\n<div class=\"wp-block-stackable-column stk-block-column stk-column stk-block stk-3f739b8\" data-v=\"4\" data-block-id=\"3f739b8\"><style>.stk-3f739b8-container{margin-top:0px !important;margin-right:0px !important;margin-bottom:0px !important;margin-left:0px !important}<\/style><div class=\"stk-column-wrapper stk-block-column__content stk-container stk-3f739b8-container stk--no-background stk--no-padding\"><div class=\"stk-block-content stk-inner-blocks stk-3f739b8-inner-blocks\">\n<div class=\"wp-block-stackable-columns stk-block-columns stk-block stk-72e3659\" data-block-id=\"72e3659\"><style>.stk-72e3659 .stk--block-align-72e3659{align-items:flex-end !important}.stk-72e3659{margin-bottom:0px !important}.stk-72e3659-column{--stk-column-gap:35px !important;row-gap:70px !important}<\/style><div class=\"stk-row stk-inner-blocks stk--block-align-72e3659 stk-block-content stk-content-align stk-72e3659-column\">\n<div class=\"wp-block-stackable-column stk-block-column stk-column stk-block stk-d542d57\" data-v=\"4\" data-block-id=\"d542d57\"><style>.stk-d542d57-container{margin-top:0px !important;margin-right:0px !important;margin-bottom:0px !important;margin-left:0px !important}<\/style><div class=\"stk-column-wrapper stk-block-column__content stk-container stk-d542d57-container stk--no-background stk--no-padding\"><div class=\"stk-block-content stk-inner-blocks stk-d542d57-inner-blocks\">\n<div class=\"wp-block-stackable-heading stk-block-heading stk-block-heading--v2 stk-block stk-ba93f5b\" id=\"om-yugglr\" data-block-id=\"ba93f5b\"><style>.stk-ba93f5b .stk-block-heading__text{font-size:60px !important;color:var(--paletteColor8,#ffffff) !important;line-height:1.1em !important}@media screen and (max-width:1023px){.stk-ba93f5b .stk-block-heading__text{font-size:40px !important}}@media screen and (max-width:767px){.stk-ba93f5b .stk-block-heading__text{font-size:30px !important}}<\/style><h5 class=\"stk-block-heading__text has-text-color has-palette-color-8-color\">Om Yugglr <\/h5><\/div>\n\n\n\n<div class=\"wp-block-stackable-text stk-block-text stk-block stk-fd8c406\" data-block-id=\"fd8c406\"><style>.stk-fd8c406 .stk-block-text__text{color:var(--paletteColor8,#ffffff) !important}<\/style><p class=\"stk-block-text__text has-text-color has-text-align-center-mobile\"><strong>Yugglr \u00e4r ett svenskt bolag och v\u00e5ra medarbetare har en m\u00e5ng\u00e5rig, bred och gedigen erfarenhet fr\u00e5n s\u00e5v\u00e4l marknadsstrategiskt varum\u00e4rkesarbete i syfte att driva trafik till e-handelsplattformar, landningssidor och hemsidor till regelr\u00e4tt systemutveckling och arkitektonisk strategi. Bland v\u00e5ra kunder m\u00e4rks bolag s\u00e5som SAS, CapGemeni, Microsoft, Mandator, Bankgirot mfl. Genom v\u00e5r unika expertis hj\u00e4lper vi v\u00e5ra kunder att \u00f6ka sin f\u00f6rs\u00e4ljning, effektivisera processer och st\u00e4rka sitt varum\u00e4rke. Till v\u00e5r hj\u00e4lp har vi tekniskt kunnande, unika analysverktyg och omfattande erfarenhet av reklam och varum\u00e4rkesbyggande arbete i digitala kanaler.  \u200b V\u00e5ra konsulter kommer fr\u00e5n ledande positioner hos de st\u00f6rre strategi- och IT-konsultbolagen. Vi erbjuder allt ifr\u00e5n arkitektur, planering och utveckling till implementation och onboarding.  \u200b Vi arbetar med klassisk systemutveckling p\u00e5 plattformarna Drupal, Djengu, PHP, WordPress, EPIServer, SharePoint, Django, Office 365, Azure mfl som utg\u00e5ngspunkt. <\/strong><\/p><\/div>\n<\/div><\/div><\/div>\n<\/div><\/div>\n<\/div><\/div><\/div>\n<\/div><\/div>\n\n\n\n<div class=\"wp-block-stackable-columns stk-block-columns stk-block stk-6c0cc6d\" data-block-id=\"6c0cc6d\"><div class=\"stk-row stk-inner-blocks stk-block-content stk-content-align stk-6c0cc6d-column\">\n<div class=\"wp-block-stackable-column stk-block-column stk-column stk-block stk-2fd8094\" data-v=\"4\" data-block-id=\"2fd8094\"><style>@media screen and (min-width:768px){.stk-2fd8094{flex:1 1 calc(21.7% - var(--stk-column-gap,0px) * 1 \/ 2 ) !important}}<\/style><div class=\"stk-column-wrapper stk-block-column__content stk-container stk-2fd8094-container stk--no-background stk--no-padding\"><div class=\"stk-block-content stk-inner-blocks stk-2fd8094-inner-blocks\"><\/div><\/div><\/div>\n\n\n\n<div class=\"wp-block-stackable-column stk-block-column stk-column stk-block stk-bc2cf5b\" data-v=\"4\" data-block-id=\"bc2cf5b\"><style>@media screen and (min-width:768px){.stk-bc2cf5b{flex:1 1 calc(78.3% - var(--stk-column-gap,0px) * 1 \/ 2 ) !important}}<\/style><div class=\"stk-column-wrapper stk-block-column__content stk-container stk-bc2cf5b-container stk--no-background stk--no-padding\"><div class=\"stk-block-content stk-inner-blocks stk-bc2cf5b-inner-blocks\">\n<div class=\"wp-block-stackable-columns stk-block-columns stk-block stk-b310626 stk-block-background\" data-block-id=\"b310626\"><style>.stk-b310626 .stk--block-align-b310626{align-items:center !important}.stk-b310626{background-color:var(--paletteColor1,#ffd800) !important;border-radius:25px !important;overflow:hidden !important;padding-top:4.5% !important;padding-right:4.5% !important;padding-bottom:4.5% !important;padding-left:4.5% !important;margin-bottom:0px !important}.stk-b310626:before{background-color:var(--paletteColor1,#ffd800) !important}.stk-b310626-column{--stk-column-gap:35px !important;row-gap:35px !important}@media screen and (max-width:1023px){.stk-b310626{padding-top:5% !important;padding-right:5% !important;padding-bottom:5% !important;padding-left:5% !important}}@media screen and (max-width:767px){.stk-b310626{padding-top:10% !important;padding-right:10% !important;padding-bottom:10% !important;padding-left:10% !important}}<\/style><div class=\"stk-row stk-inner-blocks has-text-align-center-mobile stk--block-align-b310626 stk-block-content stk-content-align stk-b310626-column\">\n<div class=\"wp-block-stackable-column stk-block-column stk-column stk-block stk-7377fb1\" data-v=\"4\" data-block-id=\"7377fb1\"><style>.stk-7377fb1-container{margin-top:0px !important;margin-right:0px !important;margin-bottom:0px !important;margin-left:0px !important}@media screen and (min-width:768px){.stk-7377fb1{flex:1 1 calc(65.5% - var(--stk-column-gap,0px) * 1 \/ 2 ) !important}}<\/style><div class=\"stk-column-wrapper stk-block-column__content stk-container stk-7377fb1-container stk--no-background stk--no-padding\"><div class=\"stk-block-content stk-inner-blocks stk-7377fb1-inner-blocks\">\n<div class=\"wp-block-stackable-heading stk-block-heading stk-block-heading--v2 stk-block stk-3311956\" id=\"var-filosofi\" data-block-id=\"3311956\"><style>.stk-3311956{margin-bottom:8px !important}.stk-3311956 .stk-block-heading__text{font-size:40px !important}@media screen and (max-width:1023px){.stk-3311956 .stk-block-heading__text{font-size:25px !important}}<\/style><h2 class=\"stk-block-heading__text\">V\u00e5r filosofi<\/h2><\/div>\n\n\n\n<div class=\"wp-block-stackable-text stk-block-text stk-block stk-a147903\" data-block-id=\"a147903\"><style>.stk-a147903{margin-bottom:35px !important}.stk-a147903 .stk-block-text__text{color:var(--paletteColor4,#000000) !important}<\/style><p class=\"stk-block-text__text has-text-color has-palette-color-4-color\">V\u00e5ra uppdrag \u00e4r lika varierande som utmanande och inbegriper allt ifr\u00e5n reklamkampanjer i digitala kanaler (film, animation, display och social marketing) till webbutveckling av e-handelsplattformar, landningssidor, backendutveckling och uppgradering av systemversioner s\u00e5som exempelvis Drupal och Google Analytics 4.  D\u00e4rf\u00f6r anpassas s\u00e5v\u00e4l spr\u00e5k som utvecklingsmilj\u00f6 utefter b\u00e4sta f\u00f6ruts\u00e4ttningar. Vi \u00e4r med andra ord helt i spr\u00e5k- och plattformsoberoende. V\u00e5r prioritet \u00e4r att utveckla aff\u00e4rsm\u00e4ssiga l\u00f6sningar som s\u00e4kerst\u00e4ller systemens efterlevnad.<\/p><\/div>\n\n\n\n<div class=\"wp-block-stackable-text stk-block-text stk-block stk-e1c1682\" data-block-id=\"e1c1682\"><style>.stk-e1c1682{margin-bottom:35px !important}.stk-e1c1682 .stk-block-text__text{color:var(--paletteColor4,#000000) !important}<\/style><p class=\"stk-block-text__text has-text-color has-palette-color-4-color\">V\u00e4lkommen till en aff\u00e4rsdriven IT-konsult som f\u00f6rst\u00e5r, utvecklar och v\u00e4rnar om er verksamhet och f\u00f6rst\u00e5r er aff\u00e4r. <\/p><\/div>\n\n\n\n<div class=\"wp-block-stackable-button-group stk-block-button-group stk-block stk-61af781\" data-block-id=\"61af781\"><div class=\"stk-row stk-inner-blocks stk-block-content stk-button-group\">\n<div class=\"wp-block-stackable-button stk-block-button stk-block stk-621dbee\" data-block-id=\"621dbee\"><style>.stk-621dbee .stk-button{padding-top:13px !important;padding-right:30px !important;padding-bottom:13px !important;padding-left:30px !important;background:var(--paletteColor8,#ffffff) !important;border-radius:15px !important}.stk-621dbee .stk-button__inner-text{font-weight:600 !important}<\/style><a class=\"stk-link stk-button stk--hover-effect-darken\" href=\"#\"><span class=\"stk-button__inner-text\">Vill du veta mer. Tveka inte att h\u00f6ra av dig.<\/span><\/a><\/div>\n<\/div><\/div>\n<\/div><\/div><\/div>\n\n\n\n<div class=\"wp-block-stackable-column stk-block-column stk-column stk-block stk-ca82ca2\" data-v=\"4\" data-block-id=\"ca82ca2\"><style>.stk-ca82ca2-container{margin-top:0px !important;margin-right:0px !important;margin-bottom:0px !important;margin-left:0px !important}@media screen and (min-width:768px){.stk-ca82ca2{flex:1 1 calc(34.5% - var(--stk-column-gap,0px) * 1 \/ 2 ) !important}}@media screen and (max-width:767px){.stk-ca82ca2{padding-top:20px !important;padding-bottom:20px !important}}<\/style><div class=\"stk-column-wrapper stk-block-column__content stk-container stk-ca82ca2-container stk--no-background stk--no-padding\"><div class=\"stk-block-content stk-inner-blocks stk-ca82ca2-inner-blocks\">\n<div class=\"wp-block-stackable-image stk-block-image stk-block stk-d13f9bd\" data-block-id=\"d13f9bd\"><style>.stk-d13f9bd .stk-img-wrapper{width:60% !important}<\/style><figure class=\"stk-img-wrapper stk-image--shape-stretch\"><img decoding=\"async\" loading=\"lazy\" class=\"stk-img wp-image-987\" src=\"https:\/\/yugglr.com\/wp-content\/uploads\/2023\/11\/Icon_open_source.png\" width=\"512\" height=\"512\" srcset=\"https:\/\/yugglr.com\/wp-content\/uploads\/2023\/11\/Icon_open_source.png 512w, https:\/\/yugglr.com\/wp-content\/uploads\/2023\/11\/Icon_open_source-300x300.png 300w, https:\/\/yugglr.com\/wp-content\/uploads\/2023\/11\/Icon_open_source-150x150.png 150w\" sizes=\"(max-width: 512px) 100vw, 512px\" \/><\/figure><\/div>\n<\/div><\/div><\/div>\n<\/div><\/div>\n<\/div><\/div><\/div>\n<\/div><\/div>\n\n\n\n<div class=\"wp-block-stackable-spacer stk-block-spacer stk--no-padding stk-block stk-99fe097\" data-block-id=\"99fe097\"><style>.stk-99fe097{height:0px !important}@media screen and (max-width:1023px){.stk-99fe097{height:70px !important}}@media screen and (max-width:767px){.stk-99fe097{height:110px !important}}<\/style><\/div>\n\n\n\n<div class=\"wp-block-stackable-spacer stk-block-spacer stk--no-padding stk-block stk-0cd2943\" data-block-id=\"0cd2943\"><style>.stk-0cd2943{height:50px !important}@media screen and (max-width:1023px){.stk-0cd2943{height:20px !important}}<\/style><\/div>\n\n\n\n<div class=\"wp-block-stackable-columns alignfull stk-block-columns stk-block stk-1dbdcfb stk-block-background stk--has-background-overlay\" data-block-id=\"1dbdcfb\"><style>.stk-1dbdcfb{background-color:transparent !important;background-image:url(https:\/\/yugglr.com\/wp-content\/uploads\/2021\/07\/decorative-shape.svg) !important;background-position:top right !important;background-repeat:no-repeat !important;background-size:850px !important;padding-top:0px !important;padding-right:0px !important;padding-bottom:0px !important;padding-left:0px !important;margin-bottom:0px !important;overflow:visible !important}.stk-1dbdcfb:before{background-color:transparent !important;opacity:0.5 !important}.stk-1dbdcfb .stk-container{overflow:visible !important}@media screen and (max-width:1023px){.stk-1dbdcfb{background-size:600px !important}}@media screen and (max-width:767px){.stk-1dbdcfb{background-position:center right !important;background-size:400px !important}}<\/style><div class=\"stk-row stk-inner-blocks stk-block-content stk-content-align stk-1dbdcfb-column\"><\/div><\/div>\n","protected":false},"excerpt":{"rendered":"<p>Om Yugglr Yugglr \u00e4r ett svenskt bolag och v\u00e5ra medarbetare har en m\u00e5ng\u00e5rig, bred och gedigen erfarenhet fr\u00e5n s\u00e5v\u00e4l marknadsstrategiskt varum\u00e4rkesarbete i syfte att driva trafik till e-handelsplattformar, landningssidor och hemsidor till regelr\u00e4tt systemutveckling och arkitektonisk strategi. Bland v\u00e5ra kunder m\u00e4rks bolag s\u00e5som SAS, CapGemeni, Microsoft, Mandator, Bankgirot mfl. Genom v\u00e5r unika expertis hj\u00e4lper vi [&hellip;]<\/p>\n","protected":false},"author":1,"featured_media":0,"parent":0,"menu_order":0,"comment_status":"closed","ping_status":"closed","template":"","meta":{"footnotes":""},"blocksy_meta":{"page_title_panel":"","has_hero_section":"disabled","4c9fda44a86fd2db9b986554bd5adacc":"","hero_section":"type-1","hero_elements":[{"id":"custom_title","enabled":true,"heading_tag":"h1","title":"Home"},{"id":"custom_description","enabled":true,"description_visibility":{"desktop":true,"tablet":true,"mobile":false}},{"id":"custom_meta","enabled":false,"meta_elements":[{"id":"author","enabled":true,"label":"By","has_author_avatar":"yes","avatar_size":25},{"id":"post_date","enabled":true,"label":"On","date_format_source":"default","date_format":"M j, Y"},{"id":"updated_date","enabled":false,"label":"On","date_format_source":"default","date_format":"M j, Y"},{"id":"categories","enabled":false,"label":"In","style":"simple"},{"id":"comments","enabled":true}],"page_meta_elements":{"joined":true,"articles_count":true,"comments":true}},{"id":"breadcrumbs","enabled":false}],"66042b754988433a4cbe987eedc3ae87":"","hero_alignment1":"CT_CSS_SKIP_RULE","hero_margin":40,"hero_alignment2":"center","hero_vertical_alignment":"center","66b1c9575babd2492d521cdab8aeeeb8":"","hero_structure":"narrow","a4866dd9086b283ac9c9ed661667191f":"","page_title_bg_type":"featured_image","custom_hero_background":{"attachment_id":null},"parallax":{"desktop":false,"tablet":false,"mobile":false},"00191fa96e3391c316bf3a007888aea4":"","hero_height":"250px","pageTitleFont":{"family":"Default","variation":"Default","size":"30px","line-height":"CT_CSS_SKIP_RULE","letter-spacing":"CT_CSS_SKIP_RULE","text-transform":"CT_CSS_SKIP_RULE","text-decoration":"CT_CSS_SKIP_RULE"},"pageTitleFontColor":{"default":{"color":"CT_CSS_SKIP_RULEDEFAULT"}},"pageMetaFont":{"family":"Default","variation":"n6","size":"12px","line-height":"1.3","letter-spacing":"CT_CSS_SKIP_RULE","text-transform":"uppercase","text-decoration":"CT_CSS_SKIP_RULE"},"pageMetaFontColor":{"default":{"color":"CT_CSS_SKIP_RULEDEFAULT"},"hover":{"color":"CT_CSS_SKIP_RULEDEFAULT"}},"page_meta_button_type_font_colors":{"default":{"color":"CT_CSS_SKIP_RULEDEFAULT"},"hover":{"color":"CT_CSS_SKIP_RULEDEFAULT"}},"page_meta_button_type_background_colors":{"default":{"color":"CT_CSS_SKIP_RULEDEFAULT"},"hover":{"color":"CT_CSS_SKIP_RULEDEFAULT"}},"pageExcerptFont":{"family":"Default","variation":"Default","size":"CT_CSS_SKIP_RULE","line-height":"CT_CSS_SKIP_RULE","letter-spacing":"CT_CSS_SKIP_RULE","text-transform":"CT_CSS_SKIP_RULE","text-decoration":"CT_CSS_SKIP_RULE"},"pageExcerptColor":{"default":{"color":"CT_CSS_SKIP_RULEDEFAULT"}},"breadcrumbsFont":{"family":"Default","variation":"Default","size":"CT_CSS_SKIP_RULE","line-height":"CT_CSS_SKIP_RULE","letter-spacing":"CT_CSS_SKIP_RULE","text-transform":"CT_CSS_SKIP_RULE","text-decoration":"CT_CSS_SKIP_RULE"},"breadcrumbsFontColor":{"default":{"color":"CT_CSS_SKIP_RULEDEFAULT"},"initial":{"color":"CT_CSS_SKIP_RULEDEFAULT"},"hover":{"color":"CT_CSS_SKIP_RULEDEFAULT"}},"pageTitleOverlay":{"background_type":"color","background_pattern":"type-1","background_image":{"attachment_id":null,"x":0,"y":0},"gradient":"linear-gradient(135deg,rgba(6,147,227,1) 0%,rgb(155,81,224) 100%)","background_repeat":"repeat","background_size":"auto","background_attachment":"scroll","patternColor":{"default":{"color":"#e5e7ea"}},"overlayColor":{"default":{"color":"CT_CSS_SKIP_RULE"}},"backgroundColor":{"default":{"color":"CT_CSS_SKIP_RULE"}}},"pageTitleBackground":{"background_type":"color","background_pattern":"type-1","background_image":{"attachment_id":null,"x":0,"y":0},"gradient":"linear-gradient(135deg,rgba(6,147,227,1) 0%,rgb(155,81,224) 100%)","background_repeat":"repeat","background_size":"auto","background_attachment":"scroll","patternColor":{"default":{"color":"#e5e7ea"}},"overlayColor":{"default":{"color":"CT_CSS_SKIP_RULE"}},"backgroundColor":{"default":{"color":"var(--paletteColor6)"}}},"pageTitlePadding":{"top":"50px","bottom":"50px","left":"auto","right":"auto","linked":true},"a3b0907b6ab61faa63e2bc8f813fc816":"","page_structure_type":"default","2812c2d977791092646ebe1ec21f2cc9":"","content_style_source":"inherit","content_style":"wide","vertical_spacing_source":"custom","content_area_spacing":"none","background":{"background_type":"color","background_pattern":"type-1","background_image":{"attachment_id":null,"x":0,"y":0},"gradient":"linear-gradient(135deg,rgba(6,147,227,1) 0%,rgb(155,81,224) 100%)","background_repeat":"repeat","background_size":"auto","background_attachment":"scroll","patternColor":{"default":{"color":"#e5e7ea"}},"overlayColor":{"default":{"color":"CT_CSS_SKIP_RULE"}},"backgroundColor":{"default":{"color":"CT_CSS_SKIP_RULE"}}},"content_background":{"background_type":"color","background_pattern":"type-1","background_image":{"attachment_id":null,"x":0,"y":0},"gradient":"linear-gradient(135deg,rgba(6,147,227,1) 0%,rgb(155,81,224) 100%)","background_repeat":"repeat","background_size":"auto","background_attachment":"scroll","patternColor":{"default":{"color":"#e5e7ea"}},"overlayColor":{"default":{"color":"CT_CSS_SKIP_RULE"}},"backgroundColor":{"default":{"color":"var(--paletteColor8)"}}},"content_boxed_shadow":{"inherit":false,"blur":18,"spread":-6,"v_offset":12,"h_offset":0,"inset":false,"enable":true,"color":{"color":"rgba(34, 56, 101, 0.04)"}},"boxed_content_spacing":{"desktop":{"top":"40px","bottom":"40px","left":"40px","right":"40px","linked":true},"tablet":{"top":"35px","bottom":"35px","left":"35px","right":"35px","linked":true},"mobile":{"top":"20px","bottom":"20px","left":"20px","right":"20px","linked":true}},"content_boxed_radius":{"top":"3px","bottom":"3px","left":"3px","right":"3px","linked":true},"556d9b8bfe2e6d516b5f64f92b0da372":"","disable_featured_image":"no","disable_share_box":"no","disable_header":"no","disable_footer":"no","styles_descriptor":{"styles":{"desktop":"","tablet":"","mobile":""},"google_fonts":[],"version":5}},"featured_image_urls":{"full":"","thumbnail":"","medium":"","medium_large":"","large":"","1536x1536":"","2048x2048":""},"post_excerpt_stackable":"<p>Om Yugglr Yugglr \u00e4r ett svenskt bolag och v\u00e5ra medarbetare har en m\u00e5ng\u00e5rig, bred och gedigen erfarenhet fr\u00e5n s\u00e5v\u00e4l marknadsstrategiskt varum\u00e4rkesarbete i syfte att driva trafik till e-handelsplattformar, landningssidor och hemsidor till regelr\u00e4tt systemutveckling och arkitektonisk strategi. Bland v\u00e5ra kunder m\u00e4rks bolag s\u00e5som SAS, CapGemeni, Microsoft, Mandator, Bankgirot mfl. Genom v\u00e5r unika expertis hj\u00e4lper vi v\u00e5ra kunder att \u00f6ka sin f\u00f6rs\u00e4ljning, effektivisera processer och st\u00e4rka sitt varum\u00e4rke. Till v\u00e5r hj\u00e4lp har vi tekniskt kunnande, unika analysverktyg och omfattande erfarenhet av reklam och varum\u00e4rkesbyggande arbete i digitala kanaler. \u200b V\u00e5ra konsulter kommer fr\u00e5n ledande positioner hos de st\u00f6rre strategi- och IT-konsultbolagen.&hellip;<\/p>\n","category_list":"","author_info":{"name":"admin","url":"https:\/\/yugglr.com\/?author=1"},"comments_num":"0 comments","_links":{"self":[{"href":"https:\/\/yugglr.com\/index.php?rest_route=\/wp\/v2\/pages\/636"}],"collection":[{"href":"https:\/\/yugglr.com\/index.php?rest_route=\/wp\/v2\/pages"}],"about":[{"href":"https:\/\/yugglr.com\/index.php?rest_route=\/wp\/v2\/types\/page"}],"author":[{"embeddable":true,"href":"https:\/\/yugglr.com\/index.php?rest_route=\/wp\/v2\/users\/1"}],"replies":[{"embeddable":true,"href":"https:\/\/yugglr.com\/index.php?rest_route=%2Fwp%2Fv2%2Fcomments&post=636"}],"version-history":[{"count":23,"href":"https:\/\/yugglr.com\/index.php?rest_route=\/wp\/v2\/pages\/636\/revisions"}],"predecessor-version":[{"id":1081,"href":"https:\/\/yugglr.com\/index.php?rest_route=\/wp\/v2\/pages\/636\/revisions\/1081"}],"wp:attachment":[{"href":"https:\/\/yugglr.com\/index.php?rest_route=%2Fwp%2Fv2%2Fmedia&parent=636"}],"curies":[{"name":"wp","href":"https:\/\/api.w.org\/{rel}","templated":true}]}}