{"id":571,"date":"2022-03-17T10:27:04","date_gmt":"2022-03-17T10:27:04","guid":{"rendered":"https:\/\/demo.creativethemes.com\/stagingsix\/?page_id=571"},"modified":"2026-01-16T13:49:27","modified_gmt":"2026-01-16T13:49:27","slug":"contact","status":"publish","type":"page","link":"https:\/\/yugglr.com\/?page_id=571","title":{"rendered":"Kontakt"},"content":{"rendered":"\n<div class=\"wp-block-stackable-columns alignwide stk-block-columns stk-block stk-f5554c3 stk-block-background stk--has-background-overlay\" data-block-id=\"f5554c3\"><style>.stk-f5554c3{background-color:#3c2204 !important;background-image:url(https:\/\/yugglr.com\/wp-content\/uploads\/2021\/07\/hero-image-contact@2x.jpg) !important;background-position:center center !important;background-repeat:no-repeat !important;background-size:cover !important;border-radius:25px !important;overflow:hidden !important;padding-top:180px !important;padding-right:80px !important;padding-bottom:60px !important;padding-left:80px !important;margin-bottom:0px !important}.stk-f5554c3:before{background-color:#3c2204 !important;opacity:0.3 !important}@media screen and (max-width:767px){.stk-f5554c3{padding-top:100px !important;padding-right:25px !important;padding-left:25px !important}}<\/style><div class=\"stk-row stk-inner-blocks has-text-align-center-mobile stk-block-content stk-content-align stk-f5554c3-column alignwide\">\n<div class=\"wp-block-stackable-column stk-block-column stk-column stk-block stk-3f739b8\" data-v=\"4\" data-block-id=\"3f739b8\"><style>.stk-3f739b8-container{margin-top:0px !important;margin-right:0px !important;margin-bottom:0px !important;margin-left:0px !important}<\/style><div class=\"stk-column-wrapper stk-block-column__content stk-container stk-3f739b8-container stk--no-background stk--no-padding\"><div class=\"stk-block-content stk-inner-blocks stk-3f739b8-inner-blocks\">\n\n\n\n<div class=\"wp-block-stackable-heading stk-block-heading stk-block-heading--v2 stk-block stk-99f93f5\" id=\"kontakta-oss-direkt\" data-block-id=\"99f93f5\"><style>.stk-99f93f5{max-width:45% !important;margin-bottom:50px !important}.stk-99f93f5 .stk-block-heading__text{font-size:60px !important;color:var(--paletteColor8,#ffffff) !important;line-height:1.1em !important}@media screen and (max-width:1023px){.stk-99f93f5{max-width:100% !important}.stk-99f93f5 .stk-block-heading__text{font-size:40px !important}}@media screen and (max-width:767px){.stk-99f93f5{margin-bottom:35px !important}.stk-99f93f5 .stk-block-heading__text{font-size:30px !important}}<\/style><h2 class=\"stk-block-heading__text has-text-color has-palette-color-8-color\">Kontakta oss direkt <\/h2><\/div>\n\n\n\n<div class=\"wp-block-stackable-columns stk-block-columns stk-block stk-b536dc7 stk-block-background\" data-block-id=\"b536dc7\"><style>.stk-b536dc7{background-color:rgba(60,34,4,0.8) !important;border-radius:25px !important;overflow:hidden !important;padding-top:60px !important;padding-right:35px !important;padding-bottom:60px !important;padding-left:35px !important;margin-bottom:0px !important}.stk-b536dc7:before{background-color:#3c2204 !important}.stk-b536dc7-column{--stk-column-gap:35px !important;row-gap:35px !important}@media screen and (max-width:767px){.stk-b536dc7{padding-top:40px !important;padding-right:25px !important;padding-bottom:40px !important;padding-left:25px !important}}<\/style><div class=\"stk-row stk-inner-blocks stk-block-content stk-content-align stk-b536dc7-column\">\n<div class=\"wp-block-stackable-column stk-block-column stk-column stk-block stk-c8c7b3b\" data-v=\"4\" data-block-id=\"c8c7b3b\"><style>.stk-c8c7b3b-container{margin-top:0px !important;margin-right:0px !important;margin-bottom:0px !important;margin-left:0px !important}<\/style><div class=\"stk-column-wrapper stk-block-column__content stk-container stk-c8c7b3b-container stk--no-background stk--no-padding\"><div class=\"has-text-align-center stk-block-content stk-inner-blocks stk-c8c7b3b-inner-blocks\">\n<div class=\"wp-block-stackable-image stk-block-image stk-block stk-ce21989\" data-block-id=\"ce21989\"><style>.stk-ce21989{margin-bottom:16px !important}.stk-ce21989 .stk-img-wrapper{width:40px !important}<\/style><figure class=\"stk-img-wrapper stk-image--shape-stretch\"><img decoding=\"async\" loading=\"lazy\" class=\"stk-img wp-image-296\" src=\"https:\/\/yugglr.com\/wp-content\/uploads\/2021\/07\/pin-icon.svg\" width=\"40\" height=\"300\"\/><\/figure><\/div>\n\n\n\n<div class=\"wp-block-stackable-heading stk-block-heading stk-block-heading--v2 stk-block stk-b33f874\" id=\"adress\" data-block-id=\"b33f874\"><style>.stk-b33f874{margin-bottom:16px !important}.stk-b33f874 .stk-block-heading__text{font-size:20px !important;color:var(--paletteColor8,#ffffff) !important}@media screen and (max-width:1023px){.stk-b33f874 .stk-block-heading__text{font-size:20px !important}}<\/style><h5 class=\"stk-block-heading__text has-text-color has-palette-color-8-color\">Adress\u200b<\/h5><\/div>\n\n\n\n<div class=\"wp-block-stackable-text stk-block-text stk-block stk-9fd81be\" data-block-id=\"9fd81be\"><style>.stk-9fd81be .stk-block-text__text{font-size:16px !important;color:var(--paletteColor8,#ffffff) !important}@media screen and (max-width:1023px){.stk-9fd81be .stk-block-text__text{font-size:16px !important}}<\/style><p class=\"stk-block-text__text has-text-color has-palette-color-8-color\">Bes\u00f6ksadress: Eker\u00f6v\u00e4gen 51<br>Postadress: Sandgr\u00e4nd 29, 178 40 Eker\u00f6<\/p><\/div>\n<\/div><\/div><\/div>\n\n\n\n<div class=\"wp-block-stackable-column stk-block-column stk-column stk-block stk-cdfd108\" data-v=\"4\" data-block-id=\"cdfd108\"><style>.stk-cdfd108-container{margin-top:0px !important;margin-right:0px !important;margin-bottom:0px !important;margin-left:0px !important}<\/style><div class=\"stk-column-wrapper stk-block-column__content stk-container stk-cdfd108-container stk--no-background stk--no-padding\"><div class=\"has-text-align-center stk-block-content stk-inner-blocks stk-cdfd108-inner-blocks\">\n<div class=\"wp-block-stackable-image stk-block-image stk-block stk-7d66949\" data-block-id=\"7d66949\"><style>.stk-7d66949{margin-bottom:16px !important}.stk-7d66949 .stk-img-wrapper{width:40px !important}<\/style><figure class=\"stk-img-wrapper stk-image--shape-stretch\"><img decoding=\"async\" loading=\"lazy\" class=\"stk-img wp-image-291\" src=\"https:\/\/yugglr.com\/wp-content\/uploads\/2021\/07\/envelope-icon.svg\" width=\"40\" height=\"300\"\/><\/figure><\/div>\n\n\n\n<div class=\"wp-block-stackable-heading stk-block-heading stk-block-heading--v2 stk-block stk-65e6609\" id=\"email\" data-block-id=\"65e6609\"><style>.stk-65e6609{margin-bottom:16px !important}.stk-65e6609 .stk-block-heading__text{font-size:20px !important;color:var(--paletteColor8,#ffffff) !important}@media screen and (max-width:1023px){.stk-65e6609 .stk-block-heading__text{font-size:20px !important}}<\/style><h5 class=\"stk-block-heading__text has-text-color has-palette-color-8-color\">Email<\/h5><\/div>\n\n\n\n<div class=\"wp-block-stackable-text stk-block-text stk-block stk-dc2c22f\" data-block-id=\"dc2c22f\"><style>.stk-dc2c22f{margin-bottom:0px !important}.stk-dc2c22f .stk-block-text__text{font-size:16px !important;color:var(--paletteColor8,#ffffff) !important}@media screen and (max-width:1023px){.stk-dc2c22f .stk-block-text__text{font-size:16px !important}}<\/style><p class=\"stk-block-text__text has-text-color has-palette-color-8-color\">mikael.eriksson@yugglr.com <\/p><\/div>\n\n\n\n<div class=\"wp-block-stackable-text stk-block-text stk-block stk-18a1250\" data-block-id=\"18a1250\"><style>.stk-18a1250 .stk-block-text__text{font-size:16px !important;color:var(--paletteColor8,#ffffff) !important}@media screen and (max-width:1023px){.stk-18a1250 .stk-block-text__text{font-size:16px !important}}<\/style><p class=\"stk-block-text__text has-text-color has-palette-color-8-color\"><\/p><\/div>\n<\/div><\/div><\/div>\n\n\n\n<div class=\"wp-block-stackable-column stk-block-column stk-column stk-block stk-9646b4d\" data-v=\"4\" data-block-id=\"9646b4d\"><style>.stk-9646b4d-container{margin-top:0px !important;margin-right:0px !important;margin-bottom:0px !important;margin-left:0px !important}<\/style><div class=\"stk-column-wrapper stk-block-column__content stk-container stk-9646b4d-container stk--no-background stk--no-padding\"><div class=\"has-text-align-center stk-block-content stk-inner-blocks stk-9646b4d-inner-blocks\">\n<div class=\"wp-block-stackable-image stk-block-image stk-block stk-1ed4f0e\" data-block-id=\"1ed4f0e\"><style>.stk-1ed4f0e{margin-bottom:16px !important}.stk-1ed4f0e .stk-img-wrapper{width:40px !important}<\/style><figure class=\"stk-img-wrapper stk-image--shape-stretch\"><img decoding=\"async\" loading=\"lazy\" class=\"stk-img wp-image-294\" src=\"https:\/\/yugglr.com\/wp-content\/uploads\/2021\/07\/phone-icon.svg\" width=\"40\" height=\"300\"\/><\/figure><\/div>\n\n\n\n<div class=\"wp-block-stackable-heading stk-block-heading stk-block-heading--v2 stk-block stk-43b0b49\" id=\"telefon\" data-block-id=\"43b0b49\"><style>.stk-43b0b49{margin-bottom:16px !important}.stk-43b0b49 .stk-block-heading__text{font-size:20px !important;color:var(--paletteColor8,#ffffff) !important}@media screen and (max-width:1023px){.stk-43b0b49 .stk-block-heading__text{font-size:20px !important}}<\/style><h5 class=\"stk-block-heading__text has-text-color has-palette-color-8-color\">Telefon<\/h5><\/div>\n\n\n\n<div class=\"wp-block-stackable-text stk-block-text stk-block stk-3d09c82\" data-block-id=\"3d09c82\"><style>.stk-3d09c82 .stk-block-text__text{font-size:16px !important;color:var(--paletteColor8,#ffffff) !important}@media screen and (max-width:1023px){.stk-3d09c82 .stk-block-text__text{font-size:16px !important}}<\/style><p class=\"stk-block-text__text has-text-color has-palette-color-8-color\">+46 (0)70 768 01 78<\/p><\/div>\n<\/div><\/div><\/div>\n<\/div><\/div>\n<\/div><\/div><\/div>\n<\/div><\/div>\n\n\n\n<div class=\"wp-block-stackable-spacer stk-block-spacer stk--no-padding stk-block stk-6a8268d\" data-block-id=\"6a8268d\"><style>.stk-6a8268d{height:130px !important}@media screen and (max-width:1023px){.stk-6a8268d{height:70px !important}}<\/style><\/div>\n","protected":false},"excerpt":{"rendered":"<p>Kontakta oss direkt Adress\u200b Bes\u00f6ksadress: Eker\u00f6v\u00e4gen 51Postadress: Sandgr\u00e4nd 29, 178 40 Eker\u00f6 Email mikael.eriksson@yugglr.com Telefon +46 (0)70 768 01 78<\/p>\n","protected":false},"author":1,"featured_media":0,"parent":0,"menu_order":0,"comment_status":"closed","ping_status":"closed","template":"","meta":{"footnotes":""},"blocksy_meta":{"styles_descriptor":{"styles":{"desktop":"","tablet":"","mobile":""},"google_fonts":[],"version":5},"page_title_panel":"","has_hero_section":"disabled","839a7d51b0bfd88a1903c1a9924cd5bf":"","hero_section":"type-1","hero_elements":[{"id":"custom_title","enabled":true,"heading_tag":"h1","title":"Home"},{"id":"custom_description","enabled":true,"description_visibility":{"desktop":true,"tablet":true,"mobile":false}},{"id":"custom_meta","enabled":false,"meta_elements":[{"id":"author","enabled":true,"label":"By","has_author_avatar":"yes","avatar_size":25},{"id":"post_date","enabled":true,"label":"On","date_format_source":"default","date_format":"M j, Y"},{"id":"updated_date","enabled":false,"label":"On","date_format_source":"default","date_format":"M j, Y"},{"id":"categories","enabled":false,"label":"In","style":"simple"},{"id":"comments","enabled":true}],"page_meta_elements":{"joined":true,"articles_count":true,"comments":true}},{"id":"breadcrumbs","enabled":false}],"9ce6b35c2b690dfb222669425cda6cf3":"","hero_alignment1":"CT_CSS_SKIP_RULE","hero_margin":40,"hero_alignment2":"center","hero_vertical_alignment":"center","2444c5d730e231f971268a93b5085f39":"","hero_structure":"narrow","e40a36985f7c43dae473ef23c34538c6":"","page_title_bg_type":"featured_image","custom_hero_background":{"attachment_id":null},"parallax":{"desktop":false,"tablet":false,"mobile":false},"0ff2609f549f607358743587ec10b4b6":"","hero_height":"250px","pageTitleFont":{"family":"Default","variation":"Default","size":"30px","line-height":"CT_CSS_SKIP_RULE","letter-spacing":"CT_CSS_SKIP_RULE","text-transform":"CT_CSS_SKIP_RULE","text-decoration":"CT_CSS_SKIP_RULE"},"pageTitleFontColor":{"default":{"color":"CT_CSS_SKIP_RULEDEFAULT"}},"pageMetaFont":{"family":"Default","variation":"n6","size":"12px","line-height":"1.3","letter-spacing":"CT_CSS_SKIP_RULE","text-transform":"uppercase","text-decoration":"CT_CSS_SKIP_RULE"},"pageMetaFontColor":{"default":{"color":"CT_CSS_SKIP_RULEDEFAULT"},"hover":{"color":"CT_CSS_SKIP_RULEDEFAULT"}},"page_meta_button_type_font_colors":{"default":{"color":"CT_CSS_SKIP_RULEDEFAULT"},"hover":{"color":"CT_CSS_SKIP_RULEDEFAULT"}},"page_meta_button_type_background_colors":{"default":{"color":"CT_CSS_SKIP_RULEDEFAULT"},"hover":{"color":"CT_CSS_SKIP_RULEDEFAULT"}},"pageExcerptFont":{"family":"Default","variation":"Default","size":"CT_CSS_SKIP_RULE","line-height":"CT_CSS_SKIP_RULE","letter-spacing":"CT_CSS_SKIP_RULE","text-transform":"CT_CSS_SKIP_RULE","text-decoration":"CT_CSS_SKIP_RULE"},"pageExcerptColor":{"default":{"color":"CT_CSS_SKIP_RULEDEFAULT"}},"breadcrumbsFont":{"family":"Default","variation":"Default","size":"CT_CSS_SKIP_RULE","line-height":"CT_CSS_SKIP_RULE","letter-spacing":"CT_CSS_SKIP_RULE","text-transform":"CT_CSS_SKIP_RULE","text-decoration":"CT_CSS_SKIP_RULE"},"breadcrumbsFontColor":{"default":{"color":"CT_CSS_SKIP_RULEDEFAULT"},"initial":{"color":"CT_CSS_SKIP_RULEDEFAULT"},"hover":{"color":"CT_CSS_SKIP_RULEDEFAULT"}},"pageTitleOverlay":{"background_type":"color","background_pattern":"type-1","background_image":{"attachment_id":null,"x":0,"y":0},"gradient":"linear-gradient(135deg,rgba(6,147,227,1) 0%,rgb(155,81,224) 100%)","background_repeat":"repeat","background_size":"auto","background_attachment":"scroll","patternColor":{"default":{"color":"#e5e7ea"}},"overlayColor":{"default":{"color":"CT_CSS_SKIP_RULE"}},"backgroundColor":{"default":{"color":"CT_CSS_SKIP_RULE"}}},"pageTitleBackground":{"background_type":"color","background_pattern":"type-1","background_image":{"attachment_id":null,"x":0,"y":0},"gradient":"linear-gradient(135deg,rgba(6,147,227,1) 0%,rgb(155,81,224) 100%)","background_repeat":"repeat","background_size":"auto","background_attachment":"scroll","patternColor":{"default":{"color":"#e5e7ea"}},"overlayColor":{"default":{"color":"CT_CSS_SKIP_RULE"}},"backgroundColor":{"default":{"color":"var(--paletteColor6)"}}},"pageTitlePadding":{"top":"50px","bottom":"50px","left":"auto","right":"auto","linked":true},"4a65ecdfab8a002d7a371af001a0a932":"","page_structure_type":"default","1d421f8915b07a1791185dd1ccf92dae":"","content_style_source":"inherit","content_style":"wide","vertical_spacing_source":"custom","content_area_spacing":"none","background":{"background_type":"color","background_pattern":"type-1","background_image":{"attachment_id":null,"x":0,"y":0},"gradient":"linear-gradient(135deg,rgba(6,147,227,1) 0%,rgb(155,81,224) 100%)","background_repeat":"repeat","background_size":"auto","background_attachment":"scroll","patternColor":{"default":{"color":"#e5e7ea"}},"overlayColor":{"default":{"color":"CT_CSS_SKIP_RULE"}},"backgroundColor":{"default":{"color":"CT_CSS_SKIP_RULE"}}},"content_background":{"background_type":"color","background_pattern":"type-1","background_image":{"attachment_id":null,"x":0,"y":0},"gradient":"linear-gradient(135deg,rgba(6,147,227,1) 0%,rgb(155,81,224) 100%)","background_repeat":"repeat","background_size":"auto","background_attachment":"scroll","patternColor":{"default":{"color":"#e5e7ea"}},"overlayColor":{"default":{"color":"CT_CSS_SKIP_RULE"}},"backgroundColor":{"default":{"color":"var(--paletteColor8)"}}},"content_boxed_shadow":{"inherit":false,"blur":18,"spread":-6,"v_offset":12,"h_offset":0,"inset":false,"enable":true,"color":{"color":"rgba(34, 56, 101, 0.04)"}},"boxed_content_spacing":{"desktop":{"top":"40px","bottom":"40px","left":"40px","right":"40px","linked":true},"tablet":{"top":"35px","bottom":"35px","left":"35px","right":"35px","linked":true},"mobile":{"top":"20px","bottom":"20px","left":"20px","right":"20px","linked":true}},"content_boxed_radius":{"top":"3px","bottom":"3px","left":"3px","right":"3px","linked":true},"bff58046c813f5853af44ba3a835ce9b":"","disable_featured_image":"no","disable_share_box":"no","disable_header":"no","disable_footer":"no"},"featured_image_urls":{"full":"","thumbnail":"","medium":"","medium_large":"","large":"","1536x1536":"","2048x2048":""},"post_excerpt_stackable":"<p>Kontakta oss direkt Adress\u200b Bes\u00f6ksadress: Eker\u00f6v\u00e4gen 51Postadress: Sandgr\u00e4nd 29, 178 40 Eker\u00f6 Email mikael.eriksson@yugglr.com Telefon +46 (0)70 768 01 78<\/p>\n","category_list":"","author_info":{"name":"admin","url":"https:\/\/yugglr.com\/?author=1"},"comments_num":"0 comments","_links":{"self":[{"href":"https:\/\/yugglr.com\/index.php?rest_route=\/wp\/v2\/pages\/571"}],"collection":[{"href":"https:\/\/yugglr.com\/index.php?rest_route=\/wp\/v2\/pages"}],"about":[{"href":"https:\/\/yugglr.com\/index.php?rest_route=\/wp\/v2\/types\/page"}],"author":[{"embeddable":true,"href":"https:\/\/yugglr.com\/index.php?rest_route=\/wp\/v2\/users\/1"}],"replies":[{"embeddable":true,"href":"https:\/\/yugglr.com\/index.php?rest_route=%2Fwp%2Fv2%2Fcomments&post=571"}],"version-history":[{"count":3,"href":"https:\/\/yugglr.com\/index.php?rest_route=\/wp\/v2\/pages\/571\/revisions"}],"predecessor-version":[{"id":1128,"href":"https:\/\/yugglr.com\/index.php?rest_route=\/wp\/v2\/pages\/571\/revisions\/1128"}],"wp:attachment":[{"href":"https:\/\/yugglr.com\/index.php?rest_route=%2Fwp%2Fv2%2Fmedia&parent=571"}],"curies":[{"name":"wp","href":"https:\/\/api.w.org\/{rel}","templated":true}]}}